{"id":652,"date":"2022-06-04T09:56:31","date_gmt":"2022-06-04T07:56:31","guid":{"rendered":"http:\/\/rodbartoszewo.pl\/?page_id=652"},"modified":"2025-01-03T14:08:42","modified_gmt":"2025-01-03T13:08:42","slug":"ogloszenia-prywatne","status":"publish","type":"page","link":"http:\/\/rodbartoszewo.pl\/?page_id=652","title":{"rendered":"Og\u0142oszenia prywatne"},"content":{"rendered":"\n<figure class=\"wp-block-image size-large\"><img loading=\"lazy\" decoding=\"async\" width=\"1024\" height=\"7\" src=\"http:\/\/rodbartoszewo.pl\/wp-content\/uploads\/2022\/06\/bia-1024x7.png\" alt=\"\" class=\"wp-image-632\" srcset=\"http:\/\/rodbartoszewo.pl\/wp-content\/uploads\/2022\/06\/bia-1024x7.png 1024w, http:\/\/rodbartoszewo.pl\/wp-content\/uploads\/2022\/06\/bia-300x2.png 300w, http:\/\/rodbartoszewo.pl\/wp-content\/uploads\/2022\/06\/bia-768x5.png 768w, http:\/\/rodbartoszewo.pl\/wp-content\/uploads\/2022\/06\/bia.png 1218w\" sizes=\"auto, (max-width: 1024px) 100vw, 1024px\" \/><\/figure>\n\n\n\n<h4 class=\"wp-block-heading\">Masz co\u015b do oddania, sprzedania, czy mo\u017ce na wymian\u0119<\/h4>\n\n\n\n<h3 class=\"wp-block-heading\"><\/h3>\n\n\n\n<h4 class=\"wp-block-heading has-text-align-center\"> to miejsce czeka na Ciebie<\/h4>\n\n\n\n<figure class=\"wp-block-image size-large is-resized\"><img loading=\"lazy\" decoding=\"async\" width=\"1024\" height=\"7\" src=\"http:\/\/rodbartoszewo.pl\/wp-content\/uploads\/2022\/06\/bia-1024x7.png\" alt=\"\" class=\"wp-image-632\" style=\"width:2926px;height:auto\" srcset=\"http:\/\/rodbartoszewo.pl\/wp-content\/uploads\/2022\/06\/bia-1024x7.png 1024w, http:\/\/rodbartoszewo.pl\/wp-content\/uploads\/2022\/06\/bia-300x2.png 300w, http:\/\/rodbartoszewo.pl\/wp-content\/uploads\/2022\/06\/bia-768x5.png 768w, http:\/\/rodbartoszewo.pl\/wp-content\/uploads\/2022\/06\/bia.png 1218w\" sizes=\"auto, (max-width: 1024px) 100vw, 1024px\" \/><\/figure>\n\n\n\n<figure class=\"wp-block-image size-large\"><img loading=\"lazy\" decoding=\"async\" width=\"1024\" height=\"7\" src=\"http:\/\/rodbartoszewo.pl\/wp-content\/uploads\/2022\/06\/bia-1024x7.png\" alt=\"\" class=\"wp-image-632\" srcset=\"http:\/\/rodbartoszewo.pl\/wp-content\/uploads\/2022\/06\/bia-1024x7.png 1024w, http:\/\/rodbartoszewo.pl\/wp-content\/uploads\/2022\/06\/bia-300x2.png 300w, http:\/\/rodbartoszewo.pl\/wp-content\/uploads\/2022\/06\/bia-768x5.png 768w, http:\/\/rodbartoszewo.pl\/wp-content\/uploads\/2022\/06\/bia.png 1218w\" sizes=\"auto, (max-width: 1024px) 100vw, 1024px\" \/><\/figure>\n\n\n\n<h2 class=\"wp-block-heading\"><\/h2>\n\n\n\n<p>Nie wszystko musi trafi\u0107 na \u015bmietnik. <\/p>\n\n\n\n<p>Tobie niepotrzebne, komu\u015b mo\u017ce si\u0119 przyda\u0107 i pos\u0142u\u017cy\u0107 jeszcze jaki\u015b czas.<\/p>\n\n\n\n<p>Wy\u015blij ofert\u0119, zdj\u0119cie, opis, film<\/p>\n\n\n\n<p class=\"has-text-align-center\">  rodbartoszewo@gmail.com<\/p>\n\n\n\n<figure class=\"wp-block-image size-large\"><img loading=\"lazy\" decoding=\"async\" width=\"1024\" height=\"7\" src=\"http:\/\/rodbartoszewo.pl\/wp-content\/uploads\/2022\/06\/bia-1024x7.png\" alt=\"\" class=\"wp-image-632\" srcset=\"http:\/\/rodbartoszewo.pl\/wp-content\/uploads\/2022\/06\/bia-1024x7.png 1024w, http:\/\/rodbartoszewo.pl\/wp-content\/uploads\/2022\/06\/bia-300x2.png 300w, http:\/\/rodbartoszewo.pl\/wp-content\/uploads\/2022\/06\/bia-768x5.png 768w, http:\/\/rodbartoszewo.pl\/wp-content\/uploads\/2022\/06\/bia.png 1218w\" sizes=\"auto, (max-width: 1024px) 100vw, 1024px\" \/><\/figure>\n\n\n\n<h2 class=\"wp-block-heading\"><mark style=\"background-color:rgba(0, 0, 0, 0)\" class=\"has-inline-color has-pale-cyan-blue-color\">Poszukuj\u0119 kogo\u015b kto zna si\u0119 na prze\u015bwietleniu drzew i przyci\u0119ciu krzew\u00f3w <\/mark><\/h2>\n\n\n\n<h2 class=\"wp-block-heading\"> <mark style=\"background-color:rgba(0, 0, 0, 0)\" class=\"has-inline-color has-pale-cyan-blue-color\">tel. 503654989<\/mark><\/h2>\n\n\n\n<figure class=\"wp-block-image size-large\"><img loading=\"lazy\" decoding=\"async\" width=\"1024\" height=\"7\" src=\"http:\/\/rodbartoszewo.pl\/wp-content\/uploads\/2022\/06\/bia-1024x7.png\" alt=\"\" class=\"wp-image-632\" srcset=\"http:\/\/rodbartoszewo.pl\/wp-content\/uploads\/2022\/06\/bia-1024x7.png 1024w, http:\/\/rodbartoszewo.pl\/wp-content\/uploads\/2022\/06\/bia-300x2.png 300w, http:\/\/rodbartoszewo.pl\/wp-content\/uploads\/2022\/06\/bia-768x5.png 768w, http:\/\/rodbartoszewo.pl\/wp-content\/uploads\/2022\/06\/bia.png 1218w\" sizes=\"auto, (max-width: 1024px) 100vw, 1024px\" \/><\/figure>\n\n\n\n<h2 class=\"wp-block-heading\"><mark style=\"background-color:rgba(0, 0, 0, 0)\" class=\"has-inline-color has-light-green-cyan-color\">Potrzebuje transportu aby wywie\u017a\u0107 z dzia\u0142ki kanap\u0119 i odpady zielone do Ekoportu, oczywi\u015bcie odp\u0142atnie.<\/mark><\/h2>\n\n\n\n<h2 class=\"wp-block-heading\"><mark style=\"background-color:rgba(0, 0, 0, 0)\" class=\"has-inline-color has-light-green-cyan-color\"><br>Nr tel. 533 753 966<\/mark><\/h2>\n\n\n\n<figure class=\"wp-block-image size-large\"><img loading=\"lazy\" decoding=\"async\" width=\"1024\" height=\"7\" src=\"http:\/\/rodbartoszewo.pl\/wp-content\/uploads\/2022\/06\/bia-1024x7.png\" alt=\"\" class=\"wp-image-632\" srcset=\"http:\/\/rodbartoszewo.pl\/wp-content\/uploads\/2022\/06\/bia-1024x7.png 1024w, http:\/\/rodbartoszewo.pl\/wp-content\/uploads\/2022\/06\/bia-300x2.png 300w, http:\/\/rodbartoszewo.pl\/wp-content\/uploads\/2022\/06\/bia-768x5.png 768w, http:\/\/rodbartoszewo.pl\/wp-content\/uploads\/2022\/06\/bia.png 1218w\" sizes=\"auto, (max-width: 1024px) 100vw, 1024px\" \/><\/figure>\n\n\n\n<h2 class=\"wp-block-heading\"><mark style=\"background-color:rgba(0, 0, 0, 0)\" class=\"has-inline-color has-cyan-bluish-gray-color\">Kupi\u0119 prawo do dzier\u017cawy dzia\u0142ki na terenie ROD Bartoszewo. Prosz\u0119 o kontakt mailowy wraz ze zdj\u0119ciami ofert oraz cen\u0105. Z g\u00f3ry dzi\u0119kuj\u0119 i pozdrawiam.<\/mark><\/h2>\n\n\n\n<p>aneta.kroczynska@gmail.com<\/p>\n\n\n\n<figure class=\"wp-block-image size-large\"><img loading=\"lazy\" decoding=\"async\" width=\"1024\" height=\"7\" src=\"http:\/\/rodbartoszewo.pl\/wp-content\/uploads\/2022\/06\/bia-1024x7.png\" alt=\"\" class=\"wp-image-632\" srcset=\"http:\/\/rodbartoszewo.pl\/wp-content\/uploads\/2022\/06\/bia-1024x7.png 1024w, http:\/\/rodbartoszewo.pl\/wp-content\/uploads\/2022\/06\/bia-300x2.png 300w, http:\/\/rodbartoszewo.pl\/wp-content\/uploads\/2022\/06\/bia-768x5.png 768w, http:\/\/rodbartoszewo.pl\/wp-content\/uploads\/2022\/06\/bia.png 1218w\" sizes=\"auto, (max-width: 1024px) 100vw, 1024px\" \/><\/figure>\n\n\n\n<div class=\"wp-block-media-text alignwide is-stacked-on-mobile\"><figure class=\"wp-block-media-text__media\"><img loading=\"lazy\" decoding=\"async\" width=\"325\" height=\"540\" src=\"http:\/\/rodbartoszewo.pl\/wp-content\/uploads\/2022\/07\/Screenshot_2022-07-11-17-34-07-1.png\" alt=\"\" class=\"wp-image-1069 size-full\" srcset=\"http:\/\/rodbartoszewo.pl\/wp-content\/uploads\/2022\/07\/Screenshot_2022-07-11-17-34-07-1.png 325w, http:\/\/rodbartoszewo.pl\/wp-content\/uploads\/2022\/07\/Screenshot_2022-07-11-17-34-07-1-181x300.png 181w\" sizes=\"auto, (max-width: 325px) 100vw, 325px\" \/><\/figure><div class=\"wp-block-media-text__content\">\n<h1 class=\"wp-block-heading\"><strong>&nbsp;Potrzebuj\u0119 lustra. W ramie lub przyklejone na p\u0142ycie meblowej jak np na drzwiach szafy. Mateusz dzia\u0142ka G 35. 737457607 prosz\u0119 o kontakt,&nbsp; przyjd\u0119\/ zabior\u0119.&nbsp; bardzo potrzebne<\/strong>&nbsp;<\/h1>\n\n\n\n<figure class=\"wp-block-image\"><img decoding=\"async\" src=\"https:\/\/fonts.gstatic.com\/s\/e\/notoemoji\/14.0\/1f60a\/32.png\" alt=\"\ud83d\ude0a\"\/><\/figure>\n<\/div><\/div>\n\n\n\n<figure class=\"wp-block-image size-large\"><img loading=\"lazy\" decoding=\"async\" width=\"1024\" height=\"7\" src=\"http:\/\/rodbartoszewo.pl\/wp-content\/uploads\/2022\/06\/bia-1024x7.png\" alt=\"\" class=\"wp-image-632\" srcset=\"http:\/\/rodbartoszewo.pl\/wp-content\/uploads\/2022\/06\/bia-1024x7.png 1024w, http:\/\/rodbartoszewo.pl\/wp-content\/uploads\/2022\/06\/bia-300x2.png 300w, http:\/\/rodbartoszewo.pl\/wp-content\/uploads\/2022\/06\/bia-768x5.png 768w, http:\/\/rodbartoszewo.pl\/wp-content\/uploads\/2022\/06\/bia.png 1218w\" sizes=\"auto, (max-width: 1024px) 100vw, 1024px\" \/><\/figure>\n\n\n\n<h2 class=\"wp-block-heading has-text-align-center\">Tanio sprzedam<\/h2>\n\n\n\n<div class=\"wp-block-media-text alignwide has-media-on-the-right is-stacked-on-mobile\"><div class=\"wp-block-media-text__content\">\n<p class=\"has-large-font-size\">4 opony letnie 205\/60R\/16<\/p>\n\n\n\n<p><\/p>\n\n\n\n<p>ZETEEX ZT100096V XL<\/p>\n\n\n\n<p>PRZEBIEG 1500KM CENA DO UZGODNIENIA <\/p>\n\n\n\n<p>KONTAKT: tel. 692-586-251<\/p>\n\n\n\n<p>Do wgl\u0105du faktura za opony<\/p>\n<\/div><figure class=\"wp-block-media-text__media\"><img loading=\"lazy\" decoding=\"async\" width=\"683\" height=\"1024\" src=\"http:\/\/rodbartoszewo.pl\/wp-content\/uploads\/2022\/06\/signal-2022-06-06-151302_001-683x1024.jpeg\" alt=\"\" class=\"wp-image-779 size-full\" srcset=\"http:\/\/rodbartoszewo.pl\/wp-content\/uploads\/2022\/06\/signal-2022-06-06-151302_001-683x1024.jpeg 683w, http:\/\/rodbartoszewo.pl\/wp-content\/uploads\/2022\/06\/signal-2022-06-06-151302_001-200x300.jpeg 200w, http:\/\/rodbartoszewo.pl\/wp-content\/uploads\/2022\/06\/signal-2022-06-06-151302_001-768x1151.jpeg 768w, http:\/\/rodbartoszewo.pl\/wp-content\/uploads\/2022\/06\/signal-2022-06-06-151302_001.jpeg 885w\" sizes=\"auto, (max-width: 683px) 100vw, 683px\" \/><\/figure><\/div>\n","protected":false},"excerpt":{"rendered":"<p>Masz co\u015b do oddania, sprzedania, czy mo\u017ce na wymian\u0119 to miejsce czeka na Ciebie Nie wszystko musi trafi\u0107 na \u015bmietnik.&hellip;<\/p>\n","protected":false},"author":1,"featured_media":663,"parent":0,"menu_order":0,"comment_status":"open","ping_status":"closed","template":"","meta":{"footnotes":""},"class_list":["post-652","page","type-page","status-publish","has-post-thumbnail","hentry"],"_links":{"self":[{"href":"http:\/\/rodbartoszewo.pl\/index.php?rest_route=\/wp\/v2\/pages\/652","targetHints":{"allow":["GET"]}}],"collection":[{"href":"http:\/\/rodbartoszewo.pl\/index.php?rest_route=\/wp\/v2\/pages"}],"about":[{"href":"http:\/\/rodbartoszewo.pl\/index.php?rest_route=\/wp\/v2\/types\/page"}],"author":[{"embeddable":true,"href":"http:\/\/rodbartoszewo.pl\/index.php?rest_route=\/wp\/v2\/users\/1"}],"replies":[{"embeddable":true,"href":"http:\/\/rodbartoszewo.pl\/index.php?rest_route=%2Fwp%2Fv2%2Fcomments&post=652"}],"version-history":[{"count":38,"href":"http:\/\/rodbartoszewo.pl\/index.php?rest_route=\/wp\/v2\/pages\/652\/revisions"}],"predecessor-version":[{"id":2219,"href":"http:\/\/rodbartoszewo.pl\/index.php?rest_route=\/wp\/v2\/pages\/652\/revisions\/2219"}],"wp:featuredmedia":[{"embeddable":true,"href":"http:\/\/rodbartoszewo.pl\/index.php?rest_route=\/wp\/v2\/media\/663"}],"wp:attachment":[{"href":"http:\/\/rodbartoszewo.pl\/index.php?rest_route=%2Fwp%2Fv2%2Fmedia&parent=652"}],"curies":[{"name":"wp","href":"https:\/\/api.w.org\/{rel}","templated":true}]}}