{"id":489,"date":"2022-05-29T21:15:51","date_gmt":"2022-05-29T19:15:51","guid":{"rendered":"http:\/\/rodbartoszewo.pl\/?page_id=489"},"modified":"2026-03-18T21:19:18","modified_gmt":"2026-03-18T20:19:18","slug":"sprawy-porzadkowe","status":"publish","type":"page","link":"http:\/\/rodbartoszewo.pl\/?page_id=489","title":{"rendered":"Kultura"},"content":{"rendered":"\n<figure class=\"wp-block-image size-large\"><img loading=\"lazy\" decoding=\"async\" width=\"1024\" height=\"7\" src=\"http:\/\/rodbartoszewo.pl\/wp-content\/uploads\/2022\/06\/bia-1024x7.png\" alt=\"\" class=\"wp-image-632\" srcset=\"http:\/\/rodbartoszewo.pl\/wp-content\/uploads\/2022\/06\/bia-1024x7.png 1024w, http:\/\/rodbartoszewo.pl\/wp-content\/uploads\/2022\/06\/bia-300x2.png 300w, http:\/\/rodbartoszewo.pl\/wp-content\/uploads\/2022\/06\/bia-768x5.png 768w, http:\/\/rodbartoszewo.pl\/wp-content\/uploads\/2022\/06\/bia.png 1218w\" sizes=\"auto, (max-width: 1024px) 100vw, 1024px\" \/><\/figure>\n\n\n\n<div class=\"wp-block-media-text alignwide is-stacked-on-mobile\"><figure class=\"wp-block-media-text__media\"><img loading=\"lazy\" decoding=\"async\" width=\"912\" height=\"454\" src=\"http:\/\/rodbartoszewo.pl\/wp-content\/uploads\/2022\/06\/Przechwytywanie.png\" alt=\"\" class=\"wp-image-848 size-full\" srcset=\"http:\/\/rodbartoszewo.pl\/wp-content\/uploads\/2022\/06\/Przechwytywanie.png 912w, http:\/\/rodbartoszewo.pl\/wp-content\/uploads\/2022\/06\/Przechwytywanie-300x149.png 300w, http:\/\/rodbartoszewo.pl\/wp-content\/uploads\/2022\/06\/Przechwytywanie-768x382.png 768w\" sizes=\"auto, (max-width: 912px) 100vw, 912px\" \/><\/figure><div class=\"wp-block-media-text__content\">\n<p class=\"has-large-font-size\">Na ogrodach obowi\u0105zuje zakaz mycia i naprawy samochod\u00f3w!!!!<\/p>\n<\/div><\/div>\n\n\n\n<figure class=\"wp-block-image size-large\"><img loading=\"lazy\" decoding=\"async\" width=\"1024\" height=\"7\" src=\"http:\/\/rodbartoszewo.pl\/wp-content\/uploads\/2022\/06\/bia-1024x7.png\" alt=\"\" class=\"wp-image-632\" srcset=\"http:\/\/rodbartoszewo.pl\/wp-content\/uploads\/2022\/06\/bia-1024x7.png 1024w, http:\/\/rodbartoszewo.pl\/wp-content\/uploads\/2022\/06\/bia-300x2.png 300w, http:\/\/rodbartoszewo.pl\/wp-content\/uploads\/2022\/06\/bia-768x5.png 768w, http:\/\/rodbartoszewo.pl\/wp-content\/uploads\/2022\/06\/bia.png 1218w\" sizes=\"auto, (max-width: 1024px) 100vw, 1024px\" \/><\/figure>\n\n\n\n<div class=\"wp-block-columns alignwide is-layout-flex wp-container-core-columns-is-layout-9d6595d7 wp-block-columns-is-layout-flex\">\n<div class=\"wp-block-column is-layout-flow wp-block-column-is-layout-flow\" style=\"flex-basis:50%\">\n<h3 class=\"wp-block-heading\">Do obowi\u0105zk\u00f3w opiekun\u00f3w nale\u017cy sprz\u0105tanie po swoich pieskach<\/h3>\n\n\n\n<h3 class=\"wp-block-heading\">  Nie nale\u017cy do przyjemno\u015bci lawirowanie mi\u0119dzy kupami pozostawionymi przez Waszych podopiecznych.<\/h3>\n\n\n\n<h3 class=\"wp-block-heading\"><strong><em>Szanujmy si\u0119 nawzajem.<\/em><\/strong><\/h3>\n<\/div>\n\n\n\n<div class=\"wp-block-column is-layout-flow wp-block-column-is-layout-flow\" style=\"flex-basis:50%\">\n<figure class=\"wp-block-image size-full\"><img loading=\"lazy\" decoding=\"async\" width=\"316\" height=\"215\" src=\"http:\/\/rodbartoszewo.pl\/wp-content\/uploads\/2022\/06\/pies-ruchomy-obrazek-0802.gif\" alt=\"\" class=\"wp-image-949\"\/><\/figure>\n<\/div>\n<\/div>\n\n\n\n<figure class=\"wp-block-image size-large\"><img loading=\"lazy\" decoding=\"async\" width=\"1024\" height=\"7\" src=\"http:\/\/rodbartoszewo.pl\/wp-content\/uploads\/2022\/06\/bia-1024x7.png\" alt=\"\" class=\"wp-image-632\" srcset=\"http:\/\/rodbartoszewo.pl\/wp-content\/uploads\/2022\/06\/bia-1024x7.png 1024w, http:\/\/rodbartoszewo.pl\/wp-content\/uploads\/2022\/06\/bia-300x2.png 300w, http:\/\/rodbartoszewo.pl\/wp-content\/uploads\/2022\/06\/bia-768x5.png 768w, http:\/\/rodbartoszewo.pl\/wp-content\/uploads\/2022\/06\/bia.png 1218w\" sizes=\"auto, (max-width: 1024px) 100vw, 1024px\" \/><\/figure>\n\n\n\n<div class=\"wp-block-group alignwide\"><div class=\"wp-block-group__inner-container is-layout-flow wp-block-group-is-layout-flow\">\n<div class=\"wp-block-columns alignwide is-layout-flex wp-container-core-columns-is-layout-9d6595d7 wp-block-columns-is-layout-flex\">\n<div class=\"wp-block-column is-layout-flow wp-block-column-is-layout-flow\" style=\"flex-basis:50%\">\n<p class=\"has-large-font-size\">Przypominamy \u017ce na alejkach obowi\u0105zuje ograniczenie pr\u0119dko\u015bci do 5km\/h<\/p>\n\n\n\n<p>Dzia\u0142kowicze nie stosuj\u0105cy si\u0119 do tych ogranicze\u0144 b\u0119d\u0105 mieli ograniczon\u0105 mo\u017cliwo\u015b\u0107 wjazdu na dzia\u0142k\u0119.<\/p>\n<\/div>\n\n\n\n<div class=\"wp-block-column is-layout-flow wp-block-column-is-layout-flow\" style=\"flex-basis:50%\"><div class=\"wp-block-image\">\n<figure class=\"alignleft\"><img loading=\"lazy\" decoding=\"async\" width=\"505\" height=\"507\" src=\"http:\/\/rodbartoszewo.pl\/wp-content\/uploads\/2022\/06\/edr.png\" alt=\"\" class=\"wp-image-623\" srcset=\"http:\/\/rodbartoszewo.pl\/wp-content\/uploads\/2022\/06\/edr.png 505w, http:\/\/rodbartoszewo.pl\/wp-content\/uploads\/2022\/06\/edr-300x300.png 300w, http:\/\/rodbartoszewo.pl\/wp-content\/uploads\/2022\/06\/edr-150x150.png 150w\" sizes=\"auto, (max-width: 505px) 100vw, 505px\" \/><\/figure>\n<\/div><\/div>\n<\/div>\n<\/div><\/div>\n\n\n\n<h2 class=\"wp-block-heading\">WJAZD NA DZIA\u0141K\u0118 JEST PRZYWILEJEM NIE OBOWI\u0104ZKIEM<\/h2>\n\n\n\n<hr class=\"wp-block-separator has-alpha-channel-opacity\"\/>\n\n\n\n<figure class=\"wp-block-image size-large\"><img loading=\"lazy\" decoding=\"async\" width=\"1024\" height=\"7\" src=\"http:\/\/rodbartoszewo.pl\/wp-content\/uploads\/2022\/06\/bia-1024x7.png\" alt=\"\" class=\"wp-image-632\" srcset=\"http:\/\/rodbartoszewo.pl\/wp-content\/uploads\/2022\/06\/bia-1024x7.png 1024w, http:\/\/rodbartoszewo.pl\/wp-content\/uploads\/2022\/06\/bia-300x2.png 300w, http:\/\/rodbartoszewo.pl\/wp-content\/uploads\/2022\/06\/bia-768x5.png 768w, http:\/\/rodbartoszewo.pl\/wp-content\/uploads\/2022\/06\/bia.png 1218w\" sizes=\"auto, (max-width: 1024px) 100vw, 1024px\" \/><\/figure>\n\n\n\n<h3 class=\"wp-block-heading\">Pani Iwono zadowolona jest Pani z zakupu ?<\/h3>\n\n\n\n<p>Fajny ten parasol ? <\/p>\n\n\n\n<p>Szkoda tylko \u017ce opakowanie po nim porzuci\u0142a Pani pod kontenerem<\/p>\n\n\n\n<p>zamiast \u0142adnie posk\u0142ada\u0107 i wrzuci\u0107 do \u015brodka.<\/p>\n\n\n\n<p>Oj nie \u0142adnie.<\/p>\n\n\n\n<figure class=\"wp-block-image size-large\"><img loading=\"lazy\" decoding=\"async\" width=\"576\" height=\"1024\" src=\"http:\/\/rodbartoszewo.pl\/wp-content\/uploads\/2022\/05\/signal-2022-05-29-221112_001-0-576x1024.jpeg\" alt=\"\" class=\"wp-image-525\" srcset=\"http:\/\/rodbartoszewo.pl\/wp-content\/uploads\/2022\/05\/signal-2022-05-29-221112_001-0-576x1024.jpeg 576w, http:\/\/rodbartoszewo.pl\/wp-content\/uploads\/2022\/05\/signal-2022-05-29-221112_001-0-169x300.jpeg 169w, http:\/\/rodbartoszewo.pl\/wp-content\/uploads\/2022\/05\/signal-2022-05-29-221112_001-0-768x1366.jpeg 768w, http:\/\/rodbartoszewo.pl\/wp-content\/uploads\/2022\/05\/signal-2022-05-29-221112_001-0-864x1536.jpeg 864w, http:\/\/rodbartoszewo.pl\/wp-content\/uploads\/2022\/05\/signal-2022-05-29-221112_001-0.jpeg 892w\" sizes=\"auto, (max-width: 576px) 100vw, 576px\" \/><\/figure>\n\n\n\n<figure class=\"wp-block-image size-large\"><img loading=\"lazy\" decoding=\"async\" width=\"1024\" height=\"7\" src=\"http:\/\/rodbartoszewo.pl\/wp-content\/uploads\/2022\/06\/bia-1024x7.png\" alt=\"\" class=\"wp-image-632\" srcset=\"http:\/\/rodbartoszewo.pl\/wp-content\/uploads\/2022\/06\/bia-1024x7.png 1024w, http:\/\/rodbartoszewo.pl\/wp-content\/uploads\/2022\/06\/bia-300x2.png 300w, http:\/\/rodbartoszewo.pl\/wp-content\/uploads\/2022\/06\/bia-768x5.png 768w, http:\/\/rodbartoszewo.pl\/wp-content\/uploads\/2022\/06\/bia.png 1218w\" sizes=\"auto, (max-width: 1024px) 100vw, 1024px\" \/><\/figure>\n\n\n\n<h2 class=\"wp-block-heading\"><\/h2>\n\n\n\n<figure class=\"wp-block-image size-large\"><img loading=\"lazy\" decoding=\"async\" width=\"724\" height=\"1024\" src=\"http:\/\/rodbartoszewo.pl\/wp-content\/uploads\/2022\/05\/20220520112903454-1-2-724x1024.jpg\" alt=\"\" class=\"wp-image-361\" srcset=\"http:\/\/rodbartoszewo.pl\/wp-content\/uploads\/2022\/05\/20220520112903454-1-2-724x1024.jpg 724w, http:\/\/rodbartoszewo.pl\/wp-content\/uploads\/2022\/05\/20220520112903454-1-2-212x300.jpg 212w, http:\/\/rodbartoszewo.pl\/wp-content\/uploads\/2022\/05\/20220520112903454-1-2-768x1086.jpg 768w, http:\/\/rodbartoszewo.pl\/wp-content\/uploads\/2022\/05\/20220520112903454-1-2-1086x1536.jpg 1086w, http:\/\/rodbartoszewo.pl\/wp-content\/uploads\/2022\/05\/20220520112903454-1-2-1448x2048.jpg 1448w, http:\/\/rodbartoszewo.pl\/wp-content\/uploads\/2022\/05\/20220520112903454-1-2.jpg 1654w\" sizes=\"auto, (max-width: 724px) 100vw, 724px\" \/><\/figure>\n\n\n\n<figure class=\"wp-block-image size-large\"><img loading=\"lazy\" decoding=\"async\" width=\"1024\" height=\"7\" src=\"http:\/\/rodbartoszewo.pl\/wp-content\/uploads\/2022\/06\/bia-1024x7.png\" alt=\"\" class=\"wp-image-632\" srcset=\"http:\/\/rodbartoszewo.pl\/wp-content\/uploads\/2022\/06\/bia-1024x7.png 1024w, http:\/\/rodbartoszewo.pl\/wp-content\/uploads\/2022\/06\/bia-300x2.png 300w, http:\/\/rodbartoszewo.pl\/wp-content\/uploads\/2022\/06\/bia-768x5.png 768w, http:\/\/rodbartoszewo.pl\/wp-content\/uploads\/2022\/06\/bia.png 1218w\" sizes=\"auto, (max-width: 1024px) 100vw, 1024px\" \/><\/figure>\n\n\n\n<h2 class=\"wp-block-heading\">Kontener na odpady zielone ponownie zosta\u0142 podstawiony.<\/h2>\n\n\n\n<p>Prosimy wrzuca\u0107 odpady jak najbardziej rozdrobnione, aby zmie\u015bci\u0142o si\u0119 jak najwi\u0119cej. I nie wrzucamy odpad\u00f3w w workach!!!!!!!!!!!!<\/p>\n\n\n\n<figure class=\"wp-block-image size-large\"><img loading=\"lazy\" decoding=\"async\" width=\"1024\" height=\"614\" src=\"http:\/\/rodbartoszewo.pl\/wp-content\/uploads\/2022\/05\/signal-2022-05-18-180743_001-1024x614.jpeg\" alt=\"\" class=\"wp-image-145\" srcset=\"http:\/\/rodbartoszewo.pl\/wp-content\/uploads\/2022\/05\/signal-2022-05-18-180743_001-1024x614.jpeg 1024w, http:\/\/rodbartoszewo.pl\/wp-content\/uploads\/2022\/05\/signal-2022-05-18-180743_001-300x180.jpeg 300w, http:\/\/rodbartoszewo.pl\/wp-content\/uploads\/2022\/05\/signal-2022-05-18-180743_001-768x460.jpeg 768w, http:\/\/rodbartoszewo.pl\/wp-content\/uploads\/2022\/05\/signal-2022-05-18-180743_001.jpeg 1383w\" sizes=\"auto, (max-width: 1024px) 100vw, 1024px\" \/><\/figure>\n\n\n\n<figure class=\"wp-block-image size-large\"><img loading=\"lazy\" decoding=\"async\" width=\"1024\" height=\"7\" src=\"http:\/\/rodbartoszewo.pl\/wp-content\/uploads\/2022\/06\/bia-1024x7.png\" alt=\"\" class=\"wp-image-632\" srcset=\"http:\/\/rodbartoszewo.pl\/wp-content\/uploads\/2022\/06\/bia-1024x7.png 1024w, http:\/\/rodbartoszewo.pl\/wp-content\/uploads\/2022\/06\/bia-300x2.png 300w, http:\/\/rodbartoszewo.pl\/wp-content\/uploads\/2022\/06\/bia-768x5.png 768w, http:\/\/rodbartoszewo.pl\/wp-content\/uploads\/2022\/06\/bia.png 1218w\" sizes=\"auto, (max-width: 1024px) 100vw, 1024px\" \/><\/figure>\n\n\n\n<h2 class=\"wp-block-heading\"><strong>Taki porz\u0105dek powinien by\u0107 zawsze, nie zostawiajmy \u015bmieci obok pojemnik\u00f3w, bo kto\u015b b\u0119dzie to musia\u0142 posprz\u0105ta\u0107. S\u0105 mo\u017ce ochotnicy do sprz\u0105tania po leniwych dzia\u0142kowiczach ?<\/strong><\/h2>\n\n\n\n<figure class=\"wp-block-image size-large\"><img loading=\"lazy\" decoding=\"async\" width=\"1024\" height=\"656\" src=\"http:\/\/rodbartoszewo.pl\/wp-content\/uploads\/2022\/05\/signal-2022-05-19-182804_001-1024x656.jpeg\" alt=\"\" class=\"wp-image-185\" srcset=\"http:\/\/rodbartoszewo.pl\/wp-content\/uploads\/2022\/05\/signal-2022-05-19-182804_001-1024x656.jpeg 1024w, http:\/\/rodbartoszewo.pl\/wp-content\/uploads\/2022\/05\/signal-2022-05-19-182804_001-300x192.jpeg 300w, http:\/\/rodbartoszewo.pl\/wp-content\/uploads\/2022\/05\/signal-2022-05-19-182804_001-768x492.jpeg 768w, http:\/\/rodbartoszewo.pl\/wp-content\/uploads\/2022\/05\/signal-2022-05-19-182804_001-1536x985.jpeg 1536w, http:\/\/rodbartoszewo.pl\/wp-content\/uploads\/2022\/05\/signal-2022-05-19-182804_001.jpeg 1571w\" sizes=\"auto, (max-width: 1024px) 100vw, 1024px\" \/><\/figure>\n\n\n\n<h2 class=\"wp-block-heading\"><\/h2>\n","protected":false},"excerpt":{"rendered":"<p>Na ogrodach obowi\u0105zuje zakaz mycia i naprawy samochod\u00f3w!!!! Do obowi\u0105zk\u00f3w opiekun\u00f3w nale\u017cy sprz\u0105tanie po swoich pieskach Nie nale\u017cy do przyjemno\u015bci&hellip;<\/p>\n","protected":false},"author":1,"featured_media":773,"parent":0,"menu_order":0,"comment_status":"closed","ping_status":"closed","template":"","meta":{"footnotes":""},"class_list":["post-489","page","type-page","status-publish","has-post-thumbnail","hentry"],"_links":{"self":[{"href":"http:\/\/rodbartoszewo.pl\/index.php?rest_route=\/wp\/v2\/pages\/489","targetHints":{"allow":["GET"]}}],"collection":[{"href":"http:\/\/rodbartoszewo.pl\/index.php?rest_route=\/wp\/v2\/pages"}],"about":[{"href":"http:\/\/rodbartoszewo.pl\/index.php?rest_route=\/wp\/v2\/types\/page"}],"author":[{"embeddable":true,"href":"http:\/\/rodbartoszewo.pl\/index.php?rest_route=\/wp\/v2\/users\/1"}],"replies":[{"embeddable":true,"href":"http:\/\/rodbartoszewo.pl\/index.php?rest_route=%2Fwp%2Fv2%2Fcomments&post=489"}],"version-history":[{"count":38,"href":"http:\/\/rodbartoszewo.pl\/index.php?rest_route=\/wp\/v2\/pages\/489\/revisions"}],"predecessor-version":[{"id":897,"href":"http:\/\/rodbartoszewo.pl\/index.php?rest_route=\/wp\/v2\/pages\/489\/revisions\/897"}],"wp:featuredmedia":[{"embeddable":true,"href":"http:\/\/rodbartoszewo.pl\/index.php?rest_route=\/wp\/v2\/media\/773"}],"wp:attachment":[{"href":"http:\/\/rodbartoszewo.pl\/index.php?rest_route=%2Fwp%2Fv2%2Fmedia&parent=489"}],"curies":[{"name":"wp","href":"https:\/\/api.w.org\/{rel}","templated":true}]}}