{"id":408,"date":"2022-05-26T19:48:37","date_gmt":"2022-05-26T17:48:37","guid":{"rendered":"http:\/\/rodbartoszewo.pl\/?page_id=408"},"modified":"2026-04-15T12:45:57","modified_gmt":"2026-04-15T10:45:57","slug":"oplaty","status":"publish","type":"page","link":"http:\/\/rodbartoszewo.pl\/?page_id=408","title":{"rendered":"OP\u0141ATY"},"content":{"rendered":"\n<figure class=\"wp-block-image size-large\"><img loading=\"lazy\" decoding=\"async\" width=\"1024\" height=\"7\" src=\"http:\/\/rodbartoszewo.pl\/wp-content\/uploads\/2022\/06\/bia-1024x7.png\" alt=\"\" class=\"wp-image-632\" srcset=\"http:\/\/rodbartoszewo.pl\/wp-content\/uploads\/2022\/06\/bia-1024x7.png 1024w, http:\/\/rodbartoszewo.pl\/wp-content\/uploads\/2022\/06\/bia-300x2.png 300w, http:\/\/rodbartoszewo.pl\/wp-content\/uploads\/2022\/06\/bia-768x5.png 768w, http:\/\/rodbartoszewo.pl\/wp-content\/uploads\/2022\/06\/bia.png 1218w\" sizes=\"auto, (max-width: 1024px) 100vw, 1024px\" \/><\/figure>\n\n\n\n<figure class=\"wp-block-image size-large\"><img loading=\"lazy\" decoding=\"async\" width=\"1024\" height=\"3\" src=\"http:\/\/rodbartoszewo.pl\/wp-content\/uploads\/2025\/09\/szary-pasek-1-1024x3.png\" alt=\"\" class=\"wp-image-2595\" srcset=\"http:\/\/rodbartoszewo.pl\/wp-content\/uploads\/2025\/09\/szary-pasek-1-1024x3.png 1024w, http:\/\/rodbartoszewo.pl\/wp-content\/uploads\/2025\/09\/szary-pasek-1-300x1.png 300w, http:\/\/rodbartoszewo.pl\/wp-content\/uploads\/2025\/09\/szary-pasek-1-768x3.png 768w, http:\/\/rodbartoszewo.pl\/wp-content\/uploads\/2025\/09\/szary-pasek-1-1140x5.png 1140w, http:\/\/rodbartoszewo.pl\/wp-content\/uploads\/2025\/09\/szary-pasek-1.png 1521w\" sizes=\"auto, (max-width: 1024px) 100vw, 1024px\" \/><\/figure>\n\n\n\n<pre class=\"wp-block-preformatted\">KASA CZYNNA:<br>w czwartki w godz. od 16:00 - 19:00<br><br><br>Kasa udziela informacji na temat wysoko\u015bci zobowi\u0105zania.<br>Wp\u0142at\u0119 za energi\u0119 elektryczn\u0105 nale\u017cy regulowa\u0107 do 10 dnia miesi\u0105ca w formie przelewu na konto.<br><em>58 2030 0045 1110 0000 0227 6330<\/em><\/pre>\n\n\n\n<figure class=\"wp-block-image size-large\"><img loading=\"lazy\" decoding=\"async\" width=\"1024\" height=\"3\" src=\"http:\/\/rodbartoszewo.pl\/wp-content\/uploads\/2025\/09\/szary-pasek-1-1024x3.png\" alt=\"\" class=\"wp-image-2595\" srcset=\"http:\/\/rodbartoszewo.pl\/wp-content\/uploads\/2025\/09\/szary-pasek-1-1024x3.png 1024w, http:\/\/rodbartoszewo.pl\/wp-content\/uploads\/2025\/09\/szary-pasek-1-300x1.png 300w, http:\/\/rodbartoszewo.pl\/wp-content\/uploads\/2025\/09\/szary-pasek-1-768x3.png 768w, http:\/\/rodbartoszewo.pl\/wp-content\/uploads\/2025\/09\/szary-pasek-1-1140x5.png 1140w, http:\/\/rodbartoszewo.pl\/wp-content\/uploads\/2025\/09\/szary-pasek-1.png 1521w\" sizes=\"auto, (max-width: 1024px) 100vw, 1024px\" \/><\/figure>\n\n\n\n<h2 class=\"wp-block-heading\"><\/h2>\n\n\n\n<h1 class=\"wp-block-heading has-text-align-center\"><mark style=\"background-color:rgba(0, 0, 0, 0)\" class=\"has-inline-color has-luminous-vivid-amber-color\">Dost\u0119p do swoich p\u0142atno\u015bci<\/mark><\/h1>\n\n\n\n<h2 class=\"wp-block-heading\"><\/h2>\n\n\n\n<p>Wy\u015blij e-mail na adres <mark style=\"background-color:rgba(0, 0, 0, 0)\" class=\"has-inline-color has-vivid-cyan-blue-color\">sudpolspzoo@gmail.com<\/mark> w tre\u015bci podaj Rod Bartoszewo <em>Sektor i nr. dzia\u0142ki<\/em><\/p>\n\n\n\n<p>Dostaniesz w ci\u0105gu kilku dni zwrotnego e-maila z linkiem do swojego konta.<\/p>\n\n\n\n<h2 class=\"wp-block-heading\"><\/h2>\n\n\n\n<figure class=\"wp-block-image size-large\"><img loading=\"lazy\" decoding=\"async\" width=\"1024\" height=\"3\" src=\"http:\/\/rodbartoszewo.pl\/wp-content\/uploads\/2025\/09\/szary-pasek-1-1024x3.png\" alt=\"\" class=\"wp-image-2595\" srcset=\"http:\/\/rodbartoszewo.pl\/wp-content\/uploads\/2025\/09\/szary-pasek-1-1024x3.png 1024w, http:\/\/rodbartoszewo.pl\/wp-content\/uploads\/2025\/09\/szary-pasek-1-300x1.png 300w, http:\/\/rodbartoszewo.pl\/wp-content\/uploads\/2025\/09\/szary-pasek-1-768x3.png 768w, http:\/\/rodbartoszewo.pl\/wp-content\/uploads\/2025\/09\/szary-pasek-1-1140x5.png 1140w, http:\/\/rodbartoszewo.pl\/wp-content\/uploads\/2025\/09\/szary-pasek-1.png 1521w\" sizes=\"auto, (max-width: 1024px) 100vw, 1024px\" \/><\/figure>\n\n\n\n<h2 class=\"wp-block-heading\"><\/h2>\n\n\n\n<figure class=\"wp-block-image size-full\"><img loading=\"lazy\" decoding=\"async\" width=\"679\" height=\"833\" src=\"http:\/\/rodbartoszewo.pl\/wp-content\/uploads\/2025\/10\/Przechwytywanie.png\" alt=\"\" class=\"wp-image-2657\" srcset=\"http:\/\/rodbartoszewo.pl\/wp-content\/uploads\/2025\/10\/Przechwytywanie.png 679w, http:\/\/rodbartoszewo.pl\/wp-content\/uploads\/2025\/10\/Przechwytywanie-245x300.png 245w\" sizes=\"auto, (max-width: 679px) 100vw, 679px\" \/><\/figure>\n\n\n\n<figure class=\"wp-block-image size-large\"><img loading=\"lazy\" decoding=\"async\" width=\"1024\" height=\"3\" src=\"http:\/\/rodbartoszewo.pl\/wp-content\/uploads\/2025\/09\/szary-pasek-1-1024x3.png\" alt=\"\" class=\"wp-image-2595\" srcset=\"http:\/\/rodbartoszewo.pl\/wp-content\/uploads\/2025\/09\/szary-pasek-1-1024x3.png 1024w, http:\/\/rodbartoszewo.pl\/wp-content\/uploads\/2025\/09\/szary-pasek-1-300x1.png 300w, http:\/\/rodbartoszewo.pl\/wp-content\/uploads\/2025\/09\/szary-pasek-1-768x3.png 768w, http:\/\/rodbartoszewo.pl\/wp-content\/uploads\/2025\/09\/szary-pasek-1-1140x5.png 1140w, http:\/\/rodbartoszewo.pl\/wp-content\/uploads\/2025\/09\/szary-pasek-1.png 1521w\" sizes=\"auto, (max-width: 1024px) 100vw, 1024px\" \/><\/figure>\n\n\n\n<h1 class=\"wp-block-heading has-text-align-center\">INFORMACJA<\/h1>\n\n\n\n<p><strong>Na walnym zebraniu cz\u0142onk\u00f3w PZD w dniu 10-05-2025r<\/strong><\/p>\n\n\n\n<p class=\"has-text-align-center\"><strong>uchwalone zosta\u0142y op\u0142aty za u\u017cytkowanie dzia\u0142ki na rok 2025<\/strong><\/p>\n\n\n\n<p><strong>1.<\/strong> Op\u0142ata ogrodowa &#8211; <strong>2.40<\/strong> za m2 powierzchni dzia\u0142ki.<\/p>\n\n\n\n<p><strong>2<\/strong>. Op\u0142ata energetyczna w wysoko\u015bci zale\u017cnej od zu\u017cytej energii w 2024 r.<\/p>\n\n\n\n<p>&#8211; zu\u017cycie od 0 kwh \u2013 250kwh &#8211; <strong>50.00 z\u0142<\/strong><\/p>\n\n\n\n<p>&#8211; zu\u017cycie od 250 kwh \u2013 2500 kwh<strong> -125.00 z\u0142<\/strong><\/p>\n\n\n\n<p>&#8211; zu\u017cycie od 2500 kwh \u2013 4000 kwh &#8211;<strong>900.00 z\u0142<\/strong><\/p>\n\n\n\n<p>&#8211; zu\u017cycie powy\u017cej 4000 kwh &#8211;<strong>2000.00 z\u0142<\/strong><\/p>\n\n\n\n<p><strong>3.<\/strong> Op\u0142ata za wyw\u00f3z odpad\u00f3w<\/p>\n\n\n\n<p>&#8211; od dzia\u0142ki u\u017cytkowanej ca\u0142orocznie <strong>600.00 z\u0142<\/strong><\/p>\n\n\n\n<p><strong>&#8211; <\/strong>pozostali ( pobyt sezonowy ) <strong>300.00 z\u0142<\/strong><\/p>\n\n\n\n<p><strong>4.<\/strong> Cz\u0142onkowie stowarzyszenia ogrodowego Polskiego Zwi\u0105zku Dzia\u0142kowc\u00f3w &#8211; op\u0142acaj\u0105 sk\u0142adk\u0119 cz\u0142onkowsk\u0105 w wysoko\u015bci <strong>10.00 z\u0142<\/strong> od dzia\u0142ki. W przypadku gdy cz\u0142onkami PZD s\u0105 oboje ma\u0142\u017conkowie, ka\u017cdy z nich op\u0142aca sk\u0142adk\u0119 cz\u0142onkowsk\u0105 w wysoko\u015bci <strong>5.00 z\u0142 <\/strong><\/p>\n\n\n\n<p><strong>Powy\u017csze op\u0142aty nale\u017cy uregulowa\u0107 do dnia 30 czerwca 2025r<\/strong><\/p>\n\n\n\n<p><strong>5.<\/strong> Op\u0142ata wodna w wysoko\u015bci &#8211; <strong>3.90 m3<\/strong><\/p>\n\n\n\n<p>za zu\u017cyt\u0105 wod\u0119 nale\u017cy op\u0142aci\u0107 do dnia 31 pa\u017adziernika 2025r<\/p>\n\n\n\n<figure class=\"wp-block-image size-large\"><img loading=\"lazy\" decoding=\"async\" width=\"1024\" height=\"7\" src=\"http:\/\/rodbartoszewo.pl\/wp-content\/uploads\/2022\/06\/bia-1024x7.png\" alt=\"\" class=\"wp-image-632\" srcset=\"http:\/\/rodbartoszewo.pl\/wp-content\/uploads\/2022\/06\/bia-1024x7.png 1024w, http:\/\/rodbartoszewo.pl\/wp-content\/uploads\/2022\/06\/bia-300x2.png 300w, http:\/\/rodbartoszewo.pl\/wp-content\/uploads\/2022\/06\/bia-768x5.png 768w, http:\/\/rodbartoszewo.pl\/wp-content\/uploads\/2022\/06\/bia.png 1218w\" sizes=\"auto, (max-width: 1024px) 100vw, 1024px\" \/><\/figure>\n\n\n\n<pre class=\"wp-block-preformatted\">Wp\u0142at\u0119 za energi\u0119 elektryczn\u0105 nale\u017cy regulowa\u0107 do 10 dnia miesi\u0105ca w formie przelewu na konto.<br><em>58 2030 0045 1110 0000 0227 6330<\/em><\/pre>\n\n\n\n<figure class=\"wp-block-image size-large\"><img loading=\"lazy\" decoding=\"async\" width=\"1024\" height=\"7\" src=\"http:\/\/rodbartoszewo.pl\/wp-content\/uploads\/2022\/06\/bia-1024x7.png\" alt=\"\" class=\"wp-image-632\" srcset=\"http:\/\/rodbartoszewo.pl\/wp-content\/uploads\/2022\/06\/bia-1024x7.png 1024w, http:\/\/rodbartoszewo.pl\/wp-content\/uploads\/2022\/06\/bia-300x2.png 300w, http:\/\/rodbartoszewo.pl\/wp-content\/uploads\/2022\/06\/bia-768x5.png 768w, http:\/\/rodbartoszewo.pl\/wp-content\/uploads\/2022\/06\/bia.png 1218w\" sizes=\"auto, (max-width: 1024px) 100vw, 1024px\" \/><\/figure>\n\n\n\n<h2 class=\"wp-block-heading\">op\u0142aty 2024<\/h2>\n\n\n\n<figure class=\"wp-block-image size-large\"><img loading=\"lazy\" decoding=\"async\" width=\"714\" height=\"1024\" src=\"http:\/\/rodbartoszewo.pl\/wp-content\/uploads\/2024\/05\/oplaty-2024-714x1024.jpeg\" alt=\"\" class=\"wp-image-1962\" srcset=\"http:\/\/rodbartoszewo.pl\/wp-content\/uploads\/2024\/05\/oplaty-2024-714x1024.jpeg 714w, http:\/\/rodbartoszewo.pl\/wp-content\/uploads\/2024\/05\/oplaty-2024-209x300.jpeg 209w, http:\/\/rodbartoszewo.pl\/wp-content\/uploads\/2024\/05\/oplaty-2024-768x1102.jpeg 768w, http:\/\/rodbartoszewo.pl\/wp-content\/uploads\/2024\/05\/oplaty-2024-1070x1536.jpeg 1070w, http:\/\/rodbartoszewo.pl\/wp-content\/uploads\/2024\/05\/oplaty-2024.jpeg 1115w\" sizes=\"auto, (max-width: 714px) 100vw, 714px\" \/><\/figure>\n\n\n\n<figure class=\"wp-block-image size-large\"><img loading=\"lazy\" decoding=\"async\" width=\"1024\" height=\"7\" src=\"http:\/\/rodbartoszewo.pl\/wp-content\/uploads\/2022\/06\/bia-1024x7.png\" alt=\"\" class=\"wp-image-632\" srcset=\"http:\/\/rodbartoszewo.pl\/wp-content\/uploads\/2022\/06\/bia-1024x7.png 1024w, http:\/\/rodbartoszewo.pl\/wp-content\/uploads\/2022\/06\/bia-300x2.png 300w, http:\/\/rodbartoszewo.pl\/wp-content\/uploads\/2022\/06\/bia-768x5.png 768w, http:\/\/rodbartoszewo.pl\/wp-content\/uploads\/2022\/06\/bia.png 1218w\" sizes=\"auto, (max-width: 1024px) 100vw, 1024px\" \/><\/figure>\n\n\n\n<h2 class=\"wp-block-heading\">Rachunek bankowy<\/h2>\n\n\n\n<h2 class=\"wp-block-heading\"><em>58 2030 0045 1110 0000 0227 6330<\/em><\/h2>\n\n\n\n<p>w pozycji ( tytu\u0142em ) koniecznie podaj nr dzia\u0142ki kt\u00f3rej dotyczy wp\u0142ata.<\/p>\n\n\n\n<figure class=\"wp-block-image size-large\"><img loading=\"lazy\" decoding=\"async\" width=\"1024\" height=\"7\" src=\"http:\/\/rodbartoszewo.pl\/wp-content\/uploads\/2022\/06\/bia-1024x7.png\" alt=\"\" class=\"wp-image-632\" srcset=\"http:\/\/rodbartoszewo.pl\/wp-content\/uploads\/2022\/06\/bia-1024x7.png 1024w, http:\/\/rodbartoszewo.pl\/wp-content\/uploads\/2022\/06\/bia-300x2.png 300w, http:\/\/rodbartoszewo.pl\/wp-content\/uploads\/2022\/06\/bia-768x5.png 768w, http:\/\/rodbartoszewo.pl\/wp-content\/uploads\/2022\/06\/bia.png 1218w\" sizes=\"auto, (max-width: 1024px) 100vw, 1024px\" \/><\/figure>\n\n\n\n<h2 class=\"wp-block-heading\">2023<\/h2>\n\n\n\n<figure class=\"wp-block-image size-full\"><img loading=\"lazy\" decoding=\"async\" width=\"1011\" height=\"25\" src=\"http:\/\/rodbartoszewo.pl\/wp-content\/uploads\/2022\/06\/sdw.png\" alt=\"\" class=\"wp-image-629\" srcset=\"http:\/\/rodbartoszewo.pl\/wp-content\/uploads\/2022\/06\/sdw.png 1011w, http:\/\/rodbartoszewo.pl\/wp-content\/uploads\/2022\/06\/sdw-300x7.png 300w, http:\/\/rodbartoszewo.pl\/wp-content\/uploads\/2022\/06\/sdw-768x19.png 768w\" sizes=\"auto, (max-width: 1011px) 100vw, 1011px\" \/><\/figure>\n\n\n\n<h2 class=\"wp-block-heading\">Op\u0142at\u0119 za zu\u017cyt\u0105 wod\u0119 nale\u017cy uregulowa\u0107 do ko\u0144ca listopada 2023 r.<\/h2>\n\n\n\n<figure class=\"wp-block-image size-large\"><img loading=\"lazy\" decoding=\"async\" width=\"1024\" height=\"7\" src=\"http:\/\/rodbartoszewo.pl\/wp-content\/uploads\/2022\/06\/bia-1024x7.png\" alt=\"\" class=\"wp-image-632\" srcset=\"http:\/\/rodbartoszewo.pl\/wp-content\/uploads\/2022\/06\/bia-1024x7.png 1024w, http:\/\/rodbartoszewo.pl\/wp-content\/uploads\/2022\/06\/bia-300x2.png 300w, http:\/\/rodbartoszewo.pl\/wp-content\/uploads\/2022\/06\/bia-768x5.png 768w, http:\/\/rodbartoszewo.pl\/wp-content\/uploads\/2022\/06\/bia.png 1218w\" sizes=\"auto, (max-width: 1024px) 100vw, 1024px\" \/><\/figure>\n\n\n\n<h2 class=\"wp-block-heading\"><\/h2>\n\n\n\n<figure class=\"wp-block-image size-large\"><img loading=\"lazy\" decoding=\"async\" width=\"724\" height=\"1024\" src=\"http:\/\/rodbartoszewo.pl\/wp-content\/uploads\/2023\/01\/Bartoszewo-2-724x1024.jpeg\" alt=\"\" class=\"wp-image-1285\" srcset=\"http:\/\/rodbartoszewo.pl\/wp-content\/uploads\/2023\/01\/Bartoszewo-2-724x1024.jpeg 724w, http:\/\/rodbartoszewo.pl\/wp-content\/uploads\/2023\/01\/Bartoszewo-2-212x300.jpeg 212w, http:\/\/rodbartoszewo.pl\/wp-content\/uploads\/2023\/01\/Bartoszewo-2-768x1086.jpeg 768w, http:\/\/rodbartoszewo.pl\/wp-content\/uploads\/2023\/01\/Bartoszewo-2-1086x1536.jpeg 1086w, http:\/\/rodbartoszewo.pl\/wp-content\/uploads\/2023\/01\/Bartoszewo-2-1448x2048.jpeg 1448w, http:\/\/rodbartoszewo.pl\/wp-content\/uploads\/2023\/01\/Bartoszewo-2.jpeg 1654w\" sizes=\"auto, (max-width: 724px) 100vw, 724px\" \/><\/figure>\n\n\n\n<figure class=\"wp-block-image size-large\"><img loading=\"lazy\" decoding=\"async\" width=\"1024\" height=\"7\" src=\"http:\/\/rodbartoszewo.pl\/wp-content\/uploads\/2022\/06\/bia-1024x7.png\" alt=\"\" class=\"wp-image-632\" srcset=\"http:\/\/rodbartoszewo.pl\/wp-content\/uploads\/2022\/06\/bia-1024x7.png 1024w, http:\/\/rodbartoszewo.pl\/wp-content\/uploads\/2022\/06\/bia-300x2.png 300w, http:\/\/rodbartoszewo.pl\/wp-content\/uploads\/2022\/06\/bia-768x5.png 768w, http:\/\/rodbartoszewo.pl\/wp-content\/uploads\/2022\/06\/bia.png 1218w\" sizes=\"auto, (max-width: 1024px) 100vw, 1024px\" \/><\/figure>\n\n\n\n<h1 class=\"wp-block-heading\">OP\u0141ATY &#8211; 2022<\/h1>\n\n\n\n<figure class=\"wp-block-image size-large\"><img loading=\"lazy\" decoding=\"async\" width=\"691\" height=\"1024\" src=\"http:\/\/rodbartoszewo.pl\/wp-content\/uploads\/2022\/11\/signal-2022-11-05-183550_002-2-691x1024.jpeg\" alt=\"\" class=\"wp-image-1232\" srcset=\"http:\/\/rodbartoszewo.pl\/wp-content\/uploads\/2022\/11\/signal-2022-11-05-183550_002-2-691x1024.jpeg 691w, http:\/\/rodbartoszewo.pl\/wp-content\/uploads\/2022\/11\/signal-2022-11-05-183550_002-2-203x300.jpeg 203w, http:\/\/rodbartoszewo.pl\/wp-content\/uploads\/2022\/11\/signal-2022-11-05-183550_002-2-768x1138.jpeg 768w, http:\/\/rodbartoszewo.pl\/wp-content\/uploads\/2022\/11\/signal-2022-11-05-183550_002-2.jpeg 916w\" sizes=\"auto, (max-width: 691px) 100vw, 691px\" \/><\/figure>\n\n\n\n<figure class=\"wp-block-image size-large\"><img loading=\"lazy\" decoding=\"async\" width=\"1024\" height=\"7\" src=\"http:\/\/rodbartoszewo.pl\/wp-content\/uploads\/2022\/06\/bia-1024x7.png\" alt=\"\" class=\"wp-image-632\" srcset=\"http:\/\/rodbartoszewo.pl\/wp-content\/uploads\/2022\/06\/bia-1024x7.png 1024w, http:\/\/rodbartoszewo.pl\/wp-content\/uploads\/2022\/06\/bia-300x2.png 300w, http:\/\/rodbartoszewo.pl\/wp-content\/uploads\/2022\/06\/bia-768x5.png 768w, http:\/\/rodbartoszewo.pl\/wp-content\/uploads\/2022\/06\/bia.png 1218w\" sizes=\"auto, (max-width: 1024px) 100vw, 1024px\" \/><\/figure>\n\n\n\n<p>Informujemy, \u017ce Walne Zebranie Sprawozdawcze ROD \u201eBartoszewo\u201d w dniu 28.05.2022r. uchwali\u0142o op\u0142aty na 2022r.<br>w wysoko\u015bci:<br>Sk\u0142adka cz\u0142onkowska &#8211; 6,00 z\u0142 od dzia\u0142ki<br>Sk\u0142adka na potrzeby ogrodu \u2013 1,40 z\u0142 \/m2<br>Op\u0142ata energetyczna \u2013 128,00 z\u0142 od dzia\u0142ki<br>Op\u0142ata ogrodowa na pokrycie koszt\u00f3w wynikaj\u0105cych z tytu\u0142u prawnego do nieruchomo\u015bci zaj\u0119tej przez ROD w roku 2022 \u2013 0,01 z\u0142\/m2<br>Op\u0142ata za wyw\u00f3z \u015bmieci :<br>dla u\u017cytkuj\u0105cych dzia\u0142k\u0119 ca\u0142orocznie \u2013 430,00 z\u0142<br>dla pozosta\u0142ych \u2013 200,00 z\u0142<br>Op\u0142aty w formie partycypacji finansowej w kosztach realizacji zadania w wysoko\u015bci:<br>Remont hydroforni \u2013 160,00 z\u0142 od dzia\u0142ki;<br>Remont domu dzia\u0142kowca \u2013 100,00 z\u0142 od dzia\u0142ki<br>Rozbudowa i modernizacja systemu monitoringu wizyjnego \u2013 60,00 z\u0142 od dzia\u0142ki<br>Op\u0142ata za wod\u0119 \u2013 2,50 z\u0142 za m3<br>Wp\u0142aty nale\u017cy wnosi\u0107 do dnia 30.06.2022r. w kasie Zarz\u0105du lub na rachunek bankowy ROD \u201eBartoszewo\u201d<br>nr 58 2030 0045 1110 0000 0227 6330<br>Ponadto Walne Zebranie podj\u0119\u0142o uchwa\u0142\u0119 o dodatkowej op\u0142acie dla dzia\u0142kowc\u00f3w za wyrzucanie odpad\u00f3w niekomunalnych oraz za za\u015bmiecanie terenu wok\u00f3\u0142 pojemnik\u00f3w na odpady w wysoko\u015bci:<br>100,00 z\u0142 &#8211; za\u015bmiecanie terenu wok\u00f3\u0142 pojemnik\u00f3w na odpady<br>500,00 z\u0142 \u2013 za wyrzucanie odpad\u00f3w niekomunalnych<\/p>\n\n\n\n<figure class=\"wp-block-image size-large\"><img loading=\"lazy\" decoding=\"async\" width=\"1024\" height=\"7\" src=\"http:\/\/rodbartoszewo.pl\/wp-content\/uploads\/2022\/06\/bia-1024x7.png\" alt=\"\" class=\"wp-image-632\" srcset=\"http:\/\/rodbartoszewo.pl\/wp-content\/uploads\/2022\/06\/bia-1024x7.png 1024w, http:\/\/rodbartoszewo.pl\/wp-content\/uploads\/2022\/06\/bia-300x2.png 300w, http:\/\/rodbartoszewo.pl\/wp-content\/uploads\/2022\/06\/bia-768x5.png 768w, http:\/\/rodbartoszewo.pl\/wp-content\/uploads\/2022\/06\/bia.png 1218w\" sizes=\"auto, (max-width: 1024px) 100vw, 1024px\" \/><\/figure>\n\n\n\n<p><strong>od 10 czerwca 2022r ( pi\u0105tek ) do dnia 30 pa\u017adziernika 2022r<\/strong><\/p>\n\n\n\n<p>Kasa czynna:<\/p>\n\n\n\n<p><strong>w pi\u0105tki \u2013 w godzinach 17:00 \u2013 20:00<\/strong><\/p>\n\n\n\n<p><strong>w soboty \u2013 w godzinach 11:00 \u2013 17:00<\/strong><\/p>\n\n\n\n<figure class=\"wp-block-image size-large\"><img loading=\"lazy\" decoding=\"async\" width=\"1024\" height=\"7\" src=\"http:\/\/rodbartoszewo.pl\/wp-content\/uploads\/2022\/06\/bia-1024x7.png\" alt=\"\" class=\"wp-image-632\" srcset=\"http:\/\/rodbartoszewo.pl\/wp-content\/uploads\/2022\/06\/bia-1024x7.png 1024w, http:\/\/rodbartoszewo.pl\/wp-content\/uploads\/2022\/06\/bia-300x2.png 300w, http:\/\/rodbartoszewo.pl\/wp-content\/uploads\/2022\/06\/bia-768x5.png 768w, http:\/\/rodbartoszewo.pl\/wp-content\/uploads\/2022\/06\/bia.png 1218w\" sizes=\"auto, (max-width: 1024px) 100vw, 1024px\" \/><\/figure>\n\n\n\n<h2 class=\"wp-block-heading\"><\/h2>\n","protected":false},"excerpt":{"rendered":"<p>KASA CZYNNA:w czwartki w godz. od 16:00 &#8211; 19:00Kasa udziela informacji na temat wysoko\u015bci zobowi\u0105zania.Wp\u0142at\u0119 za energi\u0119 elektryczn\u0105 nale\u017cy regulowa\u0107&hellip;<\/p>\n","protected":false},"author":1,"featured_media":605,"parent":0,"menu_order":0,"comment_status":"closed","ping_status":"closed","template":"","meta":{"footnotes":""},"class_list":["post-408","page","type-page","status-publish","has-post-thumbnail","hentry"],"_links":{"self":[{"href":"http:\/\/rodbartoszewo.pl\/index.php?rest_route=\/wp\/v2\/pages\/408","targetHints":{"allow":["GET"]}}],"collection":[{"href":"http:\/\/rodbartoszewo.pl\/index.php?rest_route=\/wp\/v2\/pages"}],"about":[{"href":"http:\/\/rodbartoszewo.pl\/index.php?rest_route=\/wp\/v2\/types\/page"}],"author":[{"embeddable":true,"href":"http:\/\/rodbartoszewo.pl\/index.php?rest_route=\/wp\/v2\/users\/1"}],"replies":[{"embeddable":true,"href":"http:\/\/rodbartoszewo.pl\/index.php?rest_route=%2Fwp%2Fv2%2Fcomments&post=408"}],"version-history":[{"count":34,"href":"http:\/\/rodbartoszewo.pl\/index.php?rest_route=\/wp\/v2\/pages\/408\/revisions"}],"predecessor-version":[{"id":2894,"href":"http:\/\/rodbartoszewo.pl\/index.php?rest_route=\/wp\/v2\/pages\/408\/revisions\/2894"}],"wp:featuredmedia":[{"embeddable":true,"href":"http:\/\/rodbartoszewo.pl\/index.php?rest_route=\/wp\/v2\/media\/605"}],"wp:attachment":[{"href":"http:\/\/rodbartoszewo.pl\/index.php?rest_route=%2Fwp%2Fv2%2Fmedia&parent=408"}],"curies":[{"name":"wp","href":"https:\/\/api.w.org\/{rel}","templated":true}]}}